{"id":1475,"date":"2024-04-07T13:48:55","date_gmt":"2024-04-07T13:48:55","guid":{"rendered":"https:\/\/containerusado.com\/sf\/?page_id=1475"},"modified":"2024-04-08T14:37:06","modified_gmt":"2024-04-08T14:37:06","slug":"sobre","status":"publish","type":"page","link":"https:\/\/containerusado.com\/sf\/sobre\/","title":{"rendered":"Sobre"},"content":{"rendered":"\t\t<div data-elementor-type=\"wp-page\" data-elementor-id=\"1475\" class=\"elementor elementor-1475\">\n\t\t\t\t<div class=\"elementor-element elementor-element-865c462 e-flex e-con-boxed e-con e-parent\" data-id=\"865c462\" data-element_type=\"container\" data-e-type=\"container\">\n\t\t\t\t\t<div class=\"e-con-inner\">\n\t\t\t\t<div class=\"elementor-element elementor-element-2db4ed1 elementor-widget elementor-widget-heading\" data-id=\"2db4ed1\" data-element_type=\"widget\" data-e-type=\"widget\" data-widget_type=\"heading.default\">\n\t\t\t\t<div class=\"elementor-widget-container\">\n\t\t\t\t\t<h2 class=\"elementor-heading-title elementor-size-default\">Venda de Container do Planejamento \u00e0 Execu\u00e7\u00e3o: Entrega.<\/h2>\t\t\t\t<\/div>\n\t\t\t\t<\/div>\n\t\t\t\t\t<\/div>\n\t\t\t\t<\/div>\n\t\t<div class=\"elementor-element elementor-element-d15370c e-flex e-con-boxed e-con e-parent\" data-id=\"d15370c\" data-element_type=\"container\" data-e-type=\"container\">\n\t\t\t\t\t<div class=\"e-con-inner\">\n\t\t\t\t<div class=\"elementor-element elementor-element-35f964b elementor-widget elementor-widget-text-editor\" data-id=\"35f964b\" data-element_type=\"widget\" data-e-type=\"widget\" data-widget_type=\"text-editor.default\">\n\t\t\t\t<div class=\"elementor-widget-container\">\n\t\t\t\t\t\t\t\t\t<p>Somos uma empresa do setor de <strong>Venda de Container<\/strong> em parceria com a Sfaria. Garantimos a satisfa\u00e7\u00e3o de nossos clientes h\u00e1 18 anos. Executamos todas as etapas desde a venda do container ao projeto e acabamento, respeitando as t\u00e9cnicas construtivas e as normas t\u00e9cnicas vigentes.<\/p><p><a href=\"https:\/\/containerusado.com\/sf\/venda-de-container\/\"><strong>Venda de Container<\/strong><\/a> contamos com profissionais competentes para execu\u00e7\u00e3o de cada projeto, com seguran\u00e7a e atendimento profissional. Valorizamos a redu\u00e7\u00e3o de custos e de forma proveitosa dos recursos dispon\u00edveis. Atuamos no segmento industrial, comercial e residencial. A satisfa\u00e7\u00e3o dos nossos clientes e qualidade \u00e9 nosso objetivo.<\/p>\t\t\t\t\t\t\t\t<\/div>\n\t\t\t\t<\/div>\n\t\t\t\t\t<\/div>\n\t\t\t\t<\/div>\n\t\t<div class=\"elementor-element elementor-element-81a03b9 e-flex e-con-boxed e-con e-parent\" data-id=\"81a03b9\" data-element_type=\"container\" data-e-type=\"container\">\n\t\t\t\t\t<div class=\"e-con-inner\">\n\t\t\t\t<div class=\"elementor-element elementor-element-6c9c33e elementor-mobile-align-justify elementor-widget elementor-widget-button\" data-id=\"6c9c33e\" data-element_type=\"widget\" data-e-type=\"widget\" data-widget_type=\"button.default\">\n\t\t\t\t<div class=\"elementor-widget-container\">\n\t\t\t\t\t\t\t\t\t<div class=\"elementor-button-wrapper\">\n\t\t\t\t\t<a class=\"elementor-button elementor-button-link elementor-size-lg elementor-animation-grow\" href=\"http:\/\/wa.me\/5511943368561\" target=\"_blank\" rel=\"noopener\">\n\t\t\t\t\t\t<span class=\"elementor-button-content-wrapper\">\n\t\t\t\t\t\t\t\t\t<span class=\"elementor-button-text\">falar agora com um especialista <\/span>\n\t\t\t\t\t<\/span>\n\t\t\t\t\t<\/a>\n\t\t\t\t<\/div>\n\t\t\t\t\t\t\t\t<\/div>\n\t\t\t\t<\/div>\n\t\t\t\t\t<\/div>\n\t\t\t\t<\/div>\n\t\t<div class=\"elementor-element elementor-element-94a628f e-flex e-con-boxed e-con e-parent\" data-id=\"94a628f\" data-element_type=\"container\" data-e-type=\"container\">\n\t\t\t\t\t<div class=\"e-con-inner\">\n\t\t\t\t<div class=\"elementor-element elementor-element-ba8b343 elementor-widget elementor-widget-heading\" data-id=\"ba8b343\" data-element_type=\"widget\" data-e-type=\"widget\" data-widget_type=\"heading.default\">\n\t\t\t\t<div class=\"elementor-widget-container\">\n\t\t\t\t\t<h2 class=\"elementor-heading-title elementor-size-default\">Venda de Container Projetos Customizados e Execu\u00e7\u00e3o<\/h2>\t\t\t\t<\/div>\n\t\t\t\t<\/div>\n\t\t\t\t\t<\/div>\n\t\t\t\t<\/div>\n\t\t<div class=\"elementor-element elementor-element-969a4b4 e-flex e-con-boxed e-con e-parent\" data-id=\"969a4b4\" data-element_type=\"container\" data-e-type=\"container\">\n\t\t\t\t\t<div class=\"e-con-inner\">\n\t\t<div class=\"elementor-element elementor-element-ab7b82d e-flex e-con-boxed e-con e-child\" data-id=\"ab7b82d\" data-element_type=\"container\" data-e-type=\"container\">\n\t\t\t\t\t<div class=\"e-con-inner\">\n\t\t\t\t<div class=\"elementor-element elementor-element-f3abf5b elementor-arrows-position-inside elementor-pagination-position-outside elementor-widget elementor-widget-image-carousel\" data-id=\"f3abf5b\" data-element_type=\"widget\" data-e-type=\"widget\" data-settings=\"{&quot;image_spacing_custom&quot;:{&quot;unit&quot;:&quot;px&quot;,&quot;size&quot;:10,&quot;sizes&quot;:[]},&quot;navigation&quot;:&quot;both&quot;,&quot;autoplay&quot;:&quot;yes&quot;,&quot;pause_on_hover&quot;:&quot;yes&quot;,&quot;pause_on_interaction&quot;:&quot;yes&quot;,&quot;autoplay_speed&quot;:5000,&quot;infinite&quot;:&quot;yes&quot;,&quot;speed&quot;:500,&quot;image_spacing_custom_tablet&quot;:{&quot;unit&quot;:&quot;px&quot;,&quot;size&quot;:&quot;&quot;,&quot;sizes&quot;:[]},&quot;image_spacing_custom_mobile&quot;:{&quot;unit&quot;:&quot;px&quot;,&quot;size&quot;:&quot;&quot;,&quot;sizes&quot;:[]}}\" data-widget_type=\"image-carousel.default\">\n\t\t\t\t<div class=\"elementor-widget-container\">\n\t\t\t\t\t\t\t<div class=\"elementor-image-carousel-wrapper swiper\" role=\"region\" aria-roledescription=\"carousel\" aria-label=\"Carrossel de imagens\" dir=\"ltr\">\n\t\t\t<div class=\"elementor-image-carousel swiper-wrapper swiper-image-stretch\" aria-live=\"off\">\n\t\t\t\t\t\t\t\t<div class=\"swiper-slide\" role=\"group\" aria-roledescription=\"slide\" aria-label=\"1 de 11\"><figure class=\"swiper-slide-inner\"><img decoding=\"async\" class=\"swiper-slide-image\" src=\"https:\/\/containerusado.com\/sf\/wp-content\/uploads\/2024\/04\/8992817d1e8c9d46602679631e48c885-min-768x512.jpg\" alt=\"Venda de Container Cidades\" title=\"\"><\/figure><\/div><div class=\"swiper-slide\" role=\"group\" aria-roledescription=\"slide\" aria-label=\"2 de 11\"><figure class=\"swiper-slide-inner\"><img decoding=\"async\" class=\"swiper-slide-image\" src=\"https:\/\/containerusado.com\/sf\/wp-content\/uploads\/2024\/04\/75c0ed735fab87f234079ec9fe6a4ef1_1500x999_0x0_1500x1000-min-768x511.jpg\" alt=\"venda de containers casas, pr\u00e9dios, empresas, lojas, salas e escrit\u00f3rios projetos customizados sp\" title=\"\"><\/figure><\/div><div class=\"swiper-slide\" role=\"group\" aria-roledescription=\"slide\" aria-label=\"3 de 11\"><figure class=\"swiper-slide-inner\"><img decoding=\"async\" class=\"swiper-slide-image\" src=\"https:\/\/containerusado.com\/sf\/wp-content\/uploads\/2024\/04\/70c25e4956d2b8beeb68592592be6089-min-768x512.jpg\" alt=\"venda de containers casas, pr\u00e9dios, empresas, lojas, salas e escrit\u00f3rios projetos customizados s\u00e3o paulo\" title=\"\"><\/figure><\/div><div class=\"swiper-slide\" role=\"group\" aria-roledescription=\"slide\" aria-label=\"4 de 11\"><figure class=\"swiper-slide-inner\"><img decoding=\"async\" class=\"swiper-slide-image\" src=\"https:\/\/containerusado.com\/sf\/wp-content\/uploads\/2024\/04\/52b459d0cc31b0153451b466c8a8ce34-min-768x482.jpg\" alt=\"venda de containers casas, pr\u00e9dios, empresas, lojas, salas e escrit\u00f3rios projetos customizados em s\u00e3o paulo\" title=\"\"><\/figure><\/div><div class=\"swiper-slide\" role=\"group\" aria-roledescription=\"slide\" aria-label=\"5 de 11\"><figure class=\"swiper-slide-inner\"><img decoding=\"async\" class=\"swiper-slide-image\" src=\"https:\/\/containerusado.com\/sf\/wp-content\/uploads\/2024\/04\/23cbfbc419d363448d05285959eb04ba_1508x1010_0x0_1508x1010-min-768x514.jpg\" alt=\"venda de containers casas, pr\u00e9dios, empresas, lojas, salas e escrit\u00f3rios projetos s\u00e3o paulo\" title=\"\"><\/figure><\/div><div class=\"swiper-slide\" role=\"group\" aria-roledescription=\"slide\" aria-label=\"6 de 11\"><figure class=\"swiper-slide-inner\"><img decoding=\"async\" class=\"swiper-slide-image\" src=\"https:\/\/containerusado.com\/sf\/wp-content\/uploads\/2024\/04\/12c3cee2579fdcaacf17b6226208cda4-min-768x512.jpg\" alt=\"venda de containers casas, pr\u00e9dios, empresas, lojas, salas e escrit\u00f3rios projetos s\u00e3o paulo sp\" title=\"\"><\/figure><\/div><div class=\"swiper-slide\" role=\"group\" aria-roledescription=\"slide\" aria-label=\"7 de 11\"><figure class=\"swiper-slide-inner\"><img decoding=\"async\" class=\"swiper-slide-image\" src=\"https:\/\/containerusado.com\/sf\/wp-content\/uploads\/2024\/04\/11f6ee9190177da34560abc8f2e3f4d1-min-Copia-768x512.jpg\" alt=\"venda de containers casas, pr\u00e9dios, empresas, lojas, salas e escrit\u00f3rios projetos brasil\" title=\"\"><\/figure><\/div><div class=\"swiper-slide\" role=\"group\" aria-roledescription=\"slide\" aria-label=\"8 de 11\"><figure class=\"swiper-slide-inner\"><img decoding=\"async\" class=\"swiper-slide-image\" src=\"https:\/\/containerusado.com\/sf\/wp-content\/uploads\/2024\/04\/7fb69a0b585795bfb49382f347f7af85-min-Copia-768x512.jpg\" alt=\"Venda de Container em Santos\" title=\"\"><\/figure><\/div><div class=\"swiper-slide\" role=\"group\" aria-roledescription=\"slide\" aria-label=\"9 de 11\"><figure class=\"swiper-slide-inner\"><img decoding=\"async\" class=\"swiper-slide-image\" src=\"https:\/\/containerusado.com\/sf\/wp-content\/uploads\/2024\/04\/5c7b4ebce971ee638e0639cecd099030-min-Copia-768x512.jpg\" alt=\"Venda de Container Estados\" title=\"\"><\/figure><\/div><div class=\"swiper-slide\" role=\"group\" aria-roledescription=\"slide\" aria-label=\"10 de 11\"><figure class=\"swiper-slide-inner\"><img decoding=\"async\" class=\"swiper-slide-image\" src=\"https:\/\/containerusado.com\/sf\/wp-content\/uploads\/2024\/04\/4f4422a3ff981f8e218abf4845cb5a23_1506x944-min-Copia-768x482.jpg\" alt=\"Venda de Container Estados\" title=\"\"><\/figure><\/div><div class=\"swiper-slide\" role=\"group\" aria-roledescription=\"slide\" aria-label=\"11 de 11\"><figure class=\"swiper-slide-inner\"><img decoding=\"async\" class=\"swiper-slide-image\" src=\"https:\/\/containerusado.com\/sf\/wp-content\/uploads\/2024\/04\/3fca31c63ab9bf3d484e43db820b80aa_1510x930_0x0_1510x930-min-50-768x473.jpg\" alt=\"escrit\u00f3rios projetos sp no brasil br\" title=\"\"><\/figure><\/div>\t\t\t<\/div>\n\t\t\t\t\t\t\t\t\t\t\t\t<div class=\"elementor-swiper-button elementor-swiper-button-prev\" role=\"button\" tabindex=\"0\">\n\t\t\t\t\t\t<svg aria-hidden=\"true\" class=\"e-font-icon-svg e-eicon-chevron-left\" viewBox=\"0 0 1000 1000\" xmlns=\"http:\/\/www.w3.org\/2000\/svg\"><path d=\"M646 125C629 125 613 133 604 142L308 442C296 454 292 471 292 487 292 504 296 521 308 533L604 854C617 867 629 875 646 875 663 875 679 871 692 858 704 846 713 829 713 812 713 796 708 779 692 767L438 487 692 225C700 217 708 204 708 187 708 171 704 154 692 142 675 129 663 125 646 125Z\"><\/path><\/svg>\t\t\t\t\t<\/div>\n\t\t\t\t\t<div class=\"elementor-swiper-button elementor-swiper-button-next\" role=\"button\" tabindex=\"0\">\n\t\t\t\t\t\t<svg aria-hidden=\"true\" class=\"e-font-icon-svg e-eicon-chevron-right\" viewBox=\"0 0 1000 1000\" xmlns=\"http:\/\/www.w3.org\/2000\/svg\"><path d=\"M696 533C708 521 713 504 713 487 713 471 708 454 696 446L400 146C388 133 375 125 354 125 338 125 325 129 313 142 300 154 292 171 292 187 292 204 296 221 308 233L563 492 304 771C292 783 288 800 288 817 288 833 296 850 308 863 321 871 338 875 354 875 371 875 388 867 400 854L696 533Z\"><\/path><\/svg>\t\t\t\t\t<\/div>\n\t\t\t\t\n\t\t\t\t\t\t\t\t\t<div class=\"swiper-pagination\"><\/div>\n\t\t\t\t\t\t\t\t\t<\/div>\n\t\t\t\t\t\t<\/div>\n\t\t\t\t<\/div>\n\t\t\t\t\t<\/div>\n\t\t\t\t<\/div>\n\t\t\t\t\t<\/div>\n\t\t\t\t<\/div>\n\t\t<div class=\"elementor-element elementor-element-6f3eb04 e-flex e-con-boxed e-con e-parent\" data-id=\"6f3eb04\" data-element_type=\"container\" data-e-type=\"container\">\n\t\t\t\t\t<div class=\"e-con-inner\">\n\t\t\t\t<div class=\"elementor-element elementor-element-6c3a753 elementor-widget elementor-widget-heading\" data-id=\"6c3a753\" data-element_type=\"widget\" data-e-type=\"widget\" data-widget_type=\"heading.default\">\n\t\t\t\t<div class=\"elementor-widget-container\">\n\t\t\t\t\t<h2 class=\"elementor-heading-title elementor-size-default\">Cidades e regi\u00f5es atendidas pela Venda de Container e Projetos em Container<\/h2>\t\t\t\t<\/div>\n\t\t\t\t<\/div>\n\t\t\t\t\t<\/div>\n\t\t\t\t<\/div>\n\t\t<div class=\"elementor-element elementor-element-2e93dcc e-flex e-con-boxed e-con e-parent\" data-id=\"2e93dcc\" data-element_type=\"container\" data-e-type=\"container\">\n\t\t\t\t\t<div class=\"e-con-inner\">\n\t\t\t\t<div class=\"elementor-element elementor-element-0bd1a89 elementor-widget elementor-widget-text-editor\" data-id=\"0bd1a89\" data-element_type=\"widget\" data-e-type=\"widget\" data-widget_type=\"text-editor.default\">\n\t\t\t\t<div class=\"elementor-widget-container\">\n\t\t\t\t\t\t\t\t\t<p>container s\u00e3o paulo, container rio de janeiro, container salvador, container bras\u00edlia, container fortaleza, container belo horizonte, container manaus, container curitiba, container recife, container porto alegre, container bel\u00e9m, container goi\u00e2nia, container guarulhos, container campinas, container s\u00e3o lu\u00eds, container s\u00e3o gon\u00e7alo, container macei\u00f3, container duque de caxias, container natal, container campo grande, container teresina, container s\u00e3o bernardo do campo, container nova igua\u00e7u, container jo\u00e3o pessoa, container santo andr\u00e9, container osasco, container s\u00e3o jos\u00e9 dos campos, container jaboat\u00e3o dos guararapes, container ribeir\u00e3o preto, container uberl\u00e2ndia, container contagem, container sorocaba, container aracaju, container feira de santana, container cuiab\u00e1, container joinville, container juiz de fora, container londrina, container aparecida de goi\u00e2nia, container ananindeua, container niter\u00f3i, container porto velho, container campos dos goytacazes, container belford roxo, container serra, container caxias do sul, container vila velha, container florian\u00f3polis, container s\u00e3o jo\u00e3o de meriti, container mau\u00e1, container macap\u00e1, container s\u00e3o jos\u00e9 do rio preto, container santos, container mogi das cruzes, container betim, container diadema, container campina grande, container jundia\u00ed, container maring\u00e1, container montes claros, container carapicu\u00edba, container olinda, container piracicaba, container cariacica, container bauru, container rio branco, container an\u00e1polis, container s\u00e3o vicente, container vit\u00f3ria, container caucaia, container itaquaquecetuba, container caruaru, container pelotas, container vit\u00f3ria da conquista, container canoas, container franca, container ponta grossa, container blumenau, container petrolina, container paulista, container ribeir\u00e3o das neves, container uberaba, container boa vista, container cascavel, container guaruj\u00e1, container taubat\u00e9, container petr\u00f3polis, container limeira, container praia grande, container s\u00e3o jos\u00e9 dos pinhais, container santar\u00e9m, container mossor\u00f3, container suzano, container cama\u00e7ari, container governador valadares, container santa maria, container gravata\u00ed,container tabo\u00e3o da serra, container v\u00e1rzea grande, container palmas, container juazeiro do norte, container foz do igua\u00e7u, container sumar\u00e9, container volta redonda, container barueri, container embu das artes, container marab\u00e1, container ipatinga, container imperatriz, container viam\u00e3o, container novo hamburgo, container s\u00e3o carlos, container parnamirim, container mag\u00e9, container mar\u00edlia, container sete lagoas, container colombo, container maca\u00e9, container arapiraca, container divin\u00f3polis, container s\u00e3o jos\u00e9, container itabora\u00ed, container s\u00e3o leopoldo, container americana, container indaiatuba, container cotia, container jacare\u00ed, container araraquara, container presidente prudente, container itapevi, container maracana\u00fa, container itabuna, container juazeiro, container santa luzia, container hortol\u00e2ndia, container rondon\u00f3polis, container dourados, container rio grande, container cachoeiro de itapemirim, container alvorada, container crici\u00fama, container cabo frio, container rio verde, container chapec\u00f3, container itaja\u00ed, container sobral, container rio claro, container cabo de santo agostinho, container passo fundo, container ara\u00e7atuba, container luzi\u00e2nia, container santa b\u00e1rbara d\u2019oeste, container lauro de freitas, container castanhal, container angra dos reis, container nova friburgo, container parauapebas, container ferraz de vasconcelos, container \u00e1guas lindas de goi\u00e1s, container ilh\u00e9us, container barra mansa, container guarapuava, container nossa senhora do socorro, container s\u00e3o jos\u00e9 de ribamar, container ibirit\u00e9, container teres\u00f3polis, container mesquita, container aragua\u00edna, container francisco morato, container itu, containe maritimo itapecerica da serra, container timon, container po\u00e7os de caldas, container jequi\u00e9, container linhares, container caxias, container jaragu\u00e1 do sul, container pindamonhangaba, container bragan\u00e7a paulista, container lages, container nil\u00f3polis, container s\u00e3o caetano do sul, container teixeira de freitas, container itapetininga, container palho\u00e7a, container alagoinhas, container camaragibe, container barreiras, container valpara\u00edso de goi\u00e1s, container paranagu\u00e1, container parna\u00edba, container abaetetuba, containe maritimo patos de minas, container mogi gua\u00e7u, container franco da rocha, container porto seguro, container maric\u00e1, container queimados, container pouso alegre, container ja\u00fa,<\/p>\t\t\t\t\t\t\t\t<\/div>\n\t\t\t\t<\/div>\n\t\t\t\t\t<\/div>\n\t\t\t\t<\/div>\n\t\t\t\t<\/div>\n\t\t","protected":false},"excerpt":{"rendered":"<p>Venda de Container do Planejamento \u00e0 Execu\u00e7\u00e3o: Entrega. Somos uma empresa do setor de Venda de Container em parceria com a Sfaria. Garantimos a satisfa\u00e7\u00e3o de nossos clientes h\u00e1 18 anos. Executamos todas as etapas desde a venda do container ao projeto e acabamento, respeitando as t\u00e9cnicas construtivas e as normas t\u00e9cnicas vigentes. Venda de [&hellip;]<\/p>\n","protected":false},"author":1,"featured_media":0,"parent":0,"menu_order":0,"comment_status":"closed","ping_status":"closed","template":"","meta":{"_joinchat":[],"footnotes":""},"class_list":["post-1475","page","type-page","status-publish","hentry"],"_links":{"self":[{"href":"https:\/\/containerusado.com\/sf\/wp-json\/wp\/v2\/pages\/1475","targetHints":{"allow":["GET"]}}],"collection":[{"href":"https:\/\/containerusado.com\/sf\/wp-json\/wp\/v2\/pages"}],"about":[{"href":"https:\/\/containerusado.com\/sf\/wp-json\/wp\/v2\/types\/page"}],"author":[{"embeddable":true,"href":"https:\/\/containerusado.com\/sf\/wp-json\/wp\/v2\/users\/1"}],"replies":[{"embeddable":true,"href":"https:\/\/containerusado.com\/sf\/wp-json\/wp\/v2\/comments?post=1475"}],"version-history":[{"count":43,"href":"https:\/\/containerusado.com\/sf\/wp-json\/wp\/v2\/pages\/1475\/revisions"}],"predecessor-version":[{"id":1850,"href":"https:\/\/containerusado.com\/sf\/wp-json\/wp\/v2\/pages\/1475\/revisions\/1850"}],"wp:attachment":[{"href":"https:\/\/containerusado.com\/sf\/wp-json\/wp\/v2\/media?parent=1475"}],"curies":[{"name":"wp","href":"https:\/\/api.w.org\/{rel}","templated":true}]}}