{"id":1477,"date":"2024-04-07T13:49:17","date_gmt":"2024-04-07T13:49:17","guid":{"rendered":"https:\/\/containerusado.com\/sf\/?page_id=1477"},"modified":"2024-04-23T15:01:31","modified_gmt":"2024-04-23T15:01:31","slug":"contato","status":"publish","type":"page","link":"https:\/\/containerusado.com\/sf\/contato\/","title":{"rendered":"Contato"},"content":{"rendered":"\t\t<div data-elementor-type=\"wp-page\" data-elementor-id=\"1477\" class=\"elementor elementor-1477\">\n\t\t\t\t<div class=\"elementor-element elementor-element-614c2d1 e-flex e-con-boxed e-con e-parent\" data-id=\"614c2d1\" data-element_type=\"container\" data-e-type=\"container\">\n\t\t\t\t\t<div class=\"e-con-inner\">\n\t\t\t\t<div class=\"elementor-element elementor-element-313d522 elementor-widget elementor-widget-heading\" data-id=\"313d522\" data-element_type=\"widget\" data-e-type=\"widget\" data-widget_type=\"heading.default\">\n\t\t\t\t<div class=\"elementor-widget-container\">\n\t\t\t\t\t<h2 class=\"elementor-heading-title elementor-size-default\">Transformando Sonhos em Realidade Venda de Container e Projetos Customizados!<\/h2>\t\t\t\t<\/div>\n\t\t\t\t<\/div>\n\t\t\t\t\t<\/div>\n\t\t\t\t<\/div>\n\t\t<div class=\"elementor-element elementor-element-15cc177 e-flex e-con-boxed e-con e-parent\" data-id=\"15cc177\" data-element_type=\"container\" data-e-type=\"container\">\n\t\t\t\t\t<div class=\"e-con-inner\">\n\t\t\t\t<div class=\"elementor-element elementor-element-5b414ee elementor-widget elementor-widget-text-editor\" data-id=\"5b414ee\" data-element_type=\"widget\" data-e-type=\"widget\" data-widget_type=\"text-editor.default\">\n\t\t\t\t<div class=\"elementor-widget-container\">\n\t\t\t\t\t\t\t\t\t<p><strong>Venda de Container<\/strong> Mar\u00edtimo, container usados. Container Mar\u00edtimo todos os containers s\u00e3o de ecxelente qualidade e com v\u00e1rios tamanhos Container DRY, HC e REEFER 20 p\u00e9s e 40 p\u00e9s.<\/p><p>Garantimos a <a href=\"https:\/\/containerusado.com\/sf\/venda-de-container\/\">satisfa\u00e7\u00e3o<\/a> de nossos clientes h\u00e1 18 anos. Executamos todas as etapas desde a venda do container ao projeto e acabamento, respeitando as t\u00e9cnicas construtivas e as normas t\u00e9cnicas vigentes.<\/p>\t\t\t\t\t\t\t\t<\/div>\n\t\t\t\t<\/div>\n\t\t\t\t\t<\/div>\n\t\t\t\t<\/div>\n\t\t<div class=\"elementor-element elementor-element-71851f8 e-flex e-con-boxed e-con e-parent\" data-id=\"71851f8\" data-element_type=\"container\" data-e-type=\"container\">\n\t\t\t\t\t<div class=\"e-con-inner\">\n\t\t\t\t<div class=\"elementor-element elementor-element-f2f90f6 elementor-align-center elementor-mobile-align-justify elementor-widget elementor-widget-button\" data-id=\"f2f90f6\" data-element_type=\"widget\" data-e-type=\"widget\" data-widget_type=\"button.default\">\n\t\t\t\t<div class=\"elementor-widget-container\">\n\t\t\t\t\t\t\t\t\t<div class=\"elementor-button-wrapper\">\n\t\t\t\t\t<a class=\"elementor-button elementor-button-link elementor-size-lg elementor-animation-grow\" href=\"http:\/\/wa.me\/5511943368561\" target=\"_blank\" rel=\"noopener\">\n\t\t\t\t\t\t<span class=\"elementor-button-content-wrapper\">\n\t\t\t\t\t\t\t\t\t<span class=\"elementor-button-text\">falar agora com um especialista <\/span>\n\t\t\t\t\t<\/span>\n\t\t\t\t\t<\/a>\n\t\t\t\t<\/div>\n\t\t\t\t\t\t\t\t<\/div>\n\t\t\t\t<\/div>\n\t\t\t\t\t<\/div>\n\t\t\t\t<\/div>\n\t\t<div class=\"elementor-element elementor-element-388c26a e-flex e-con-boxed e-con e-parent\" data-id=\"388c26a\" data-element_type=\"container\" data-e-type=\"container\">\n\t\t\t\t\t<div class=\"e-con-inner\">\n\t\t\t\t<div class=\"elementor-element elementor-element-b532643 elementor-widget elementor-widget-heading\" data-id=\"b532643\" data-element_type=\"widget\" data-e-type=\"widget\" data-widget_type=\"heading.default\">\n\t\t\t\t<div class=\"elementor-widget-container\">\n\t\t\t\t\t<h3 class=\"elementor-heading-title elementor-size-default\">Projetos em Container - Casas, Pr\u00e9dios, Empresas, Lojas, Salas e Escrit\u00f3rios Projetos Customizados.<\/h3>\t\t\t\t<\/div>\n\t\t\t\t<\/div>\n\t\t\t\t\t<\/div>\n\t\t\t\t<\/div>\n\t\t<div class=\"elementor-element elementor-element-6700339 e-flex e-con-boxed e-con e-parent\" data-id=\"6700339\" data-element_type=\"container\" data-e-type=\"container\">\n\t\t\t\t\t<div class=\"e-con-inner\">\n\t\t<div class=\"elementor-element elementor-element-e3bcb3e e-con-full e-flex e-con e-child\" data-id=\"e3bcb3e\" data-element_type=\"container\" data-e-type=\"container\">\n\t\t\t\t<div class=\"elementor-element elementor-element-de62188 elementor-widget elementor-widget-image\" data-id=\"de62188\" data-element_type=\"widget\" data-e-type=\"widget\" data-widget_type=\"image.default\">\n\t\t\t\t<div class=\"elementor-widget-container\">\n\t\t\t\t\t\t\t\t\t\t\t\t\t\t\t<img fetchpriority=\"high\" decoding=\"async\" width=\"800\" height=\"517\" src=\"https:\/\/containerusado.com\/sf\/wp-content\/uploads\/2024\/04\/Venda-de-Container-Maritimo-Dry-HC-Reefer-Container-Sfaria-1-1024x662.jpg\" class=\"attachment-large size-large wp-image-1506\" alt=\"Venda de Container\" srcset=\"https:\/\/containerusado.com\/sf\/wp-content\/uploads\/2024\/04\/Venda-de-Container-Maritimo-Dry-HC-Reefer-Container-Sfaria-1-1024x662.jpg 1024w, https:\/\/containerusado.com\/sf\/wp-content\/uploads\/2024\/04\/Venda-de-Container-Maritimo-Dry-HC-Reefer-Container-Sfaria-1-300x194.jpg 300w, https:\/\/containerusado.com\/sf\/wp-content\/uploads\/2024\/04\/Venda-de-Container-Maritimo-Dry-HC-Reefer-Container-Sfaria-1-768x496.jpg 768w, https:\/\/containerusado.com\/sf\/wp-content\/uploads\/2024\/04\/Venda-de-Container-Maritimo-Dry-HC-Reefer-Container-Sfaria-1-1536x992.jpg 1536w, https:\/\/containerusado.com\/sf\/wp-content\/uploads\/2024\/04\/Venda-de-Container-Maritimo-Dry-HC-Reefer-Container-Sfaria-1.jpg 2000w\" sizes=\"(max-width: 800px) 100vw, 800px\" title=\"\">\t\t\t\t\t\t\t\t\t\t\t\t\t\t\t<\/div>\n\t\t\t\t<\/div>\n\t\t\t\t<\/div>\n\t\t<div class=\"elementor-element elementor-element-6dd4742 e-con-full e-flex e-con e-child\" data-id=\"6dd4742\" data-element_type=\"container\" data-e-type=\"container\">\n\t\t\t\t<div class=\"elementor-element elementor-element-11e4292 elementor-widget elementor-widget-image\" data-id=\"11e4292\" data-element_type=\"widget\" data-e-type=\"widget\" data-widget_type=\"image.default\">\n\t\t\t\t<div class=\"elementor-widget-container\">\n\t\t\t\t\t\t\t\t\t\t\t\t\t\t\t<img decoding=\"async\" width=\"800\" height=\"447\" src=\"https:\/\/containerusado.com\/sf\/wp-content\/uploads\/2024\/04\/Venda-de-Container-Maritimo-Dry-HC-Reefer-Container-Sfaria-2-1024x572.jpg\" class=\"attachment-large size-large wp-image-1528\" alt=\"Venda de Container sp\" srcset=\"https:\/\/containerusado.com\/sf\/wp-content\/uploads\/2024\/04\/Venda-de-Container-Maritimo-Dry-HC-Reefer-Container-Sfaria-2-1024x572.jpg 1024w, https:\/\/containerusado.com\/sf\/wp-content\/uploads\/2024\/04\/Venda-de-Container-Maritimo-Dry-HC-Reefer-Container-Sfaria-2-300x168.jpg 300w, https:\/\/containerusado.com\/sf\/wp-content\/uploads\/2024\/04\/Venda-de-Container-Maritimo-Dry-HC-Reefer-Container-Sfaria-2-768x429.jpg 768w, https:\/\/containerusado.com\/sf\/wp-content\/uploads\/2024\/04\/Venda-de-Container-Maritimo-Dry-HC-Reefer-Container-Sfaria-2-1536x858.jpg 1536w, https:\/\/containerusado.com\/sf\/wp-content\/uploads\/2024\/04\/Venda-de-Container-Maritimo-Dry-HC-Reefer-Container-Sfaria-2.jpg 2000w\" sizes=\"(max-width: 800px) 100vw, 800px\" title=\"\">\t\t\t\t\t\t\t\t\t\t\t\t\t\t\t<\/div>\n\t\t\t\t<\/div>\n\t\t\t\t<\/div>\n\t\t\t\t\t<\/div>\n\t\t\t\t<\/div>\n\t\t\t\t<\/div>\n\t\t","protected":false},"excerpt":{"rendered":"<p>Transformando Sonhos em Realidade Venda de Container e Projetos Customizados! Venda de Container Mar\u00edtimo, container usados. Container Mar\u00edtimo todos os containers s\u00e3o de ecxelente qualidade e com v\u00e1rios tamanhos Container DRY, HC e REEFER 20 p\u00e9s e 40 p\u00e9s. Garantimos a satisfa\u00e7\u00e3o de nossos clientes h\u00e1 18 anos. Executamos todas as etapas desde a venda [&hellip;]<\/p>\n","protected":false},"author":1,"featured_media":0,"parent":0,"menu_order":0,"comment_status":"closed","ping_status":"closed","template":"","meta":{"_joinchat":[],"footnotes":""},"class_list":["post-1477","page","type-page","status-publish","hentry"],"_links":{"self":[{"href":"https:\/\/containerusado.com\/sf\/wp-json\/wp\/v2\/pages\/1477","targetHints":{"allow":["GET"]}}],"collection":[{"href":"https:\/\/containerusado.com\/sf\/wp-json\/wp\/v2\/pages"}],"about":[{"href":"https:\/\/containerusado.com\/sf\/wp-json\/wp\/v2\/types\/page"}],"author":[{"embeddable":true,"href":"https:\/\/containerusado.com\/sf\/wp-json\/wp\/v2\/users\/1"}],"replies":[{"embeddable":true,"href":"https:\/\/containerusado.com\/sf\/wp-json\/wp\/v2\/comments?post=1477"}],"version-history":[{"count":38,"href":"https:\/\/containerusado.com\/sf\/wp-json\/wp\/v2\/pages\/1477\/revisions"}],"predecessor-version":[{"id":2393,"href":"https:\/\/containerusado.com\/sf\/wp-json\/wp\/v2\/pages\/1477\/revisions\/2393"}],"wp:attachment":[{"href":"https:\/\/containerusado.com\/sf\/wp-json\/wp\/v2\/media?parent=1477"}],"curies":[{"name":"wp","href":"https:\/\/api.w.org\/{rel}","templated":true}]}}